{"id":4051,"date":"2023-10-26T19:13:10","date_gmt":"2023-10-27T00:13:10","guid":{"rendered":"https:\/\/ferplans.com\/?page_id=4051"},"modified":"2023-10-26T19:29:50","modified_gmt":"2023-10-27T00:29:50","slug":"biografia","status":"publish","type":"page","link":"https:\/\/ferplans.com\/?page_id=4051","title":{"rendered":"Biografia"},"content":{"rendered":"\t\t<div data-elementor-type=\"wp-page\" data-elementor-id=\"4051\" class=\"elementor elementor-4051\">\n\t\t\t\t\t\t<section class=\"elementor-section elementor-top-section elementor-element elementor-element-3841d23 elementor-section-boxed elementor-section-height-default elementor-section-height-default\" data-id=\"3841d23\" data-element_type=\"section\">\n\t\t\t\t\t\t<div class=\"elementor-container elementor-column-gap-no\">\n\t\t\t\t\t<div class=\"elementor-column elementor-col-66 elementor-top-column elementor-element elementor-element-3cf8680\" data-id=\"3cf8680\" data-element_type=\"column\">\n\t\t\t<div class=\"elementor-widget-wrap elementor-element-populated\">\n\t\t\t\t\t\t<div class=\"elementor-element elementor-element-daf9497 elementor-widget__width-initial elementor-widget elementor-widget-text-editor\" data-id=\"daf9497\" data-element_type=\"widget\" data-widget_type=\"text-editor.default\">\n\t\t\t\t<div class=\"elementor-widget-container\">\n\t\t\t\t\t\t\t\t\t<h1><strong>Mi Historia en Breve: Un Fot\u00f3grafo Enamorado del Deporte y la Diversidad Cultural<\/strong><\/h1><p>Soy Fernando Plans, un fot\u00f3grafo profesional cuya pasi\u00f3n es el deporte. He practicado una variedad de deportes, como volleyball, soccer, f\u00fatbol, tenis, nataci\u00f3n y golf. Mi amor por el deporte se refleja en mi estilo de fotograf\u00eda, donde busco capturar la emoci\u00f3n y la energ\u00eda en cada momento.<\/p><p>Originario de M\u00e9xico, actualmente resido en Chattanooga, Tennessee. Esta diversidad cultural ha enriquecido mi perspectiva y ha influido en mi trabajo. He tenido el honor de colaborar con organizaciones deportivas de renombre, incluyendo el CFC, la Liga de Dalton y Finisherpix. Cada imagen que tomo es una expresi\u00f3n de mi pasi\u00f3n por el deporte y mi aprecio por la diversidad. Si buscas un fot\u00f3grafo que comparta tu amor por el deporte y celebre la riqueza de diferentes culturas, est\u00e1s en el lugar adecuado.<\/p>\t\t\t\t\t\t\t\t<\/div>\n\t\t\t\t<\/div>\n\t\t\t\t\t<\/div>\n\t\t<\/div>\n\t\t\t\t<div class=\"elementor-column elementor-col-33 elementor-top-column elementor-element elementor-element-02d3391\" data-id=\"02d3391\" data-element_type=\"column\">\n\t\t\t<div class=\"elementor-widget-wrap elementor-element-populated\">\n\t\t\t\t\t\t<div class=\"elementor-element elementor-element-757c5f5 elementor-widget elementor-widget-image\" data-id=\"757c5f5\" data-element_type=\"widget\" data-widget_type=\"image.default\">\n\t\t\t\t<div class=\"elementor-widget-container\">\n\t\t\t\t\t\t\t\t\t\t\t\t\t\t\t<img fetchpriority=\"high\" decoding=\"async\" width=\"1024\" height=\"1536\" src=\"https:\/\/ferplans.com\/wp-content\/uploads\/2023\/10\/Img231-1024x1536.jpg\" class=\"attachment-1536x1536 size-1536x1536 wp-image-4073\" alt=\"\" srcset=\"https:\/\/ferplans.com\/wp-content\/uploads\/2023\/10\/Img231-1024x1536.jpg 1024w, https:\/\/ferplans.com\/wp-content\/uploads\/2023\/10\/Img231-200x300.jpg 200w, https:\/\/ferplans.com\/wp-content\/uploads\/2023\/10\/Img231-683x1024.jpg 683w, https:\/\/ferplans.com\/wp-content\/uploads\/2023\/10\/Img231-768x1152.jpg 768w, https:\/\/ferplans.com\/wp-content\/uploads\/2023\/10\/Img231-1365x2048.jpg 1365w, https:\/\/ferplans.com\/wp-content\/uploads\/2023\/10\/Img231-scaled.jpg 1707w\" sizes=\"(max-width: 1024px) 100vw, 1024px\" \/>\t\t\t\t\t\t\t\t\t\t\t\t\t\t\t<\/div>\n\t\t\t\t<\/div>\n\t\t\t\t\t<\/div>\n\t\t<\/div>\n\t\t\t\t\t<\/div>\n\t\t<\/section>\n\t\t\t\t<section class=\"elementor-section elementor-top-section elementor-element elementor-element-abc7bef elementor-section-height-full elementor-section-boxed elementor-section-height-default elementor-section-items-middle\" data-id=\"abc7bef\" data-element_type=\"section\">\n\t\t\t\t\t\t<div class=\"elementor-container elementor-column-gap-no\">\n\t\t\t\t\t<div class=\"elementor-column elementor-col-100 elementor-top-column elementor-element elementor-element-a9fe722\" data-id=\"a9fe722\" data-element_type=\"column\">\n\t\t\t<div class=\"elementor-widget-wrap\">\n\t\t\t\t\t\t\t<\/div>\n\t\t<\/div>\n\t\t\t\t\t<\/div>\n\t\t<\/section>\n\t\t\t\t<\/div>\n\t\t","protected":false},"excerpt":{"rendered":"<p>Mi Historia en Breve: Un Fot\u00f3grafo Enamorado del Deporte y la Diversidad Cultural Soy Fernando Plans, un fot\u00f3grafo profesional cuya pasi\u00f3n es el deporte. He practicado una variedad de deportes, como volleyball, soccer, f\u00fatbol, tenis, nataci\u00f3n y golf. Mi amor por el deporte se refleja en mi estilo de fotograf\u00eda, donde busco capturar la emoci\u00f3n &hellip;<\/p>\n<p class=\"read-more\"> <a class=\"\" href=\"https:\/\/ferplans.com\/?page_id=4051\"> <span class=\"screen-reader-text\">Biografia<\/span> Read More &raquo;<\/a><\/p>\n","protected":false},"author":1,"featured_media":0,"parent":0,"menu_order":0,"comment_status":"closed","ping_status":"closed","template":"","meta":{"site-sidebar-layout":"no-sidebar","site-content-layout":"page-builder","ast-site-content-layout":"full-width-container","site-content-style":"default","site-sidebar-style":"default","ast-global-header-display":"","ast-banner-title-visibility":"","ast-main-header-display":"","ast-hfb-above-header-display":"","ast-hfb-below-header-display":"","ast-hfb-mobile-header-display":"","site-post-title":"disabled","ast-breadcrumbs-content":"","ast-featured-img":"disabled","footer-sml-layout":"","theme-transparent-header-meta":"","adv-header-id-meta":"","stick-header-meta":"","header-above-stick-meta":"","header-main-stick-meta":"","header-below-stick-meta":"","astra-migrate-meta-layouts":"set","ast-page-background-enabled":"default","ast-page-background-meta":{"desktop":{"background-color":"var(--ast-global-color-4)","background-image":"","background-repeat":"repeat","background-position":"center center","background-size":"auto","background-attachment":"scroll","background-type":"","background-media":"","overlay-type":"","overlay-color":"","overlay-gradient":""},"tablet":{"background-color":"","background-image":"","background-repeat":"repeat","background-position":"center center","background-size":"auto","background-attachment":"scroll","background-type":"","background-media":"","overlay-type":"","overlay-color":"","overlay-gradient":""},"mobile":{"background-color":"","background-image":"","background-repeat":"repeat","background-position":"center center","background-size":"auto","background-attachment":"scroll","background-type":"","background-media":"","overlay-type":"","overlay-color":"","overlay-gradient":""}},"ast-content-background-meta":{"desktop":{"background-color":"var(--ast-global-color-5)","background-image":"","background-repeat":"repeat","background-position":"center center","background-size":"auto","background-attachment":"scroll","background-type":"","background-media":"","overlay-type":"","overlay-color":"","overlay-gradient":""},"tablet":{"background-color":"var(--ast-global-color-5)","background-image":"","background-repeat":"repeat","background-position":"center center","background-size":"auto","background-attachment":"scroll","background-type":"","background-media":"","overlay-type":"","overlay-color":"","overlay-gradient":""},"mobile":{"background-color":"var(--ast-global-color-5)","background-image":"","background-repeat":"repeat","background-position":"center center","background-size":"auto","background-attachment":"scroll","background-type":"","background-media":"","overlay-type":"","overlay-color":"","overlay-gradient":""}},"footnotes":""},"_links":{"self":[{"href":"https:\/\/ferplans.com\/index.php?rest_route=\/wp\/v2\/pages\/4051"}],"collection":[{"href":"https:\/\/ferplans.com\/index.php?rest_route=\/wp\/v2\/pages"}],"about":[{"href":"https:\/\/ferplans.com\/index.php?rest_route=\/wp\/v2\/types\/page"}],"author":[{"embeddable":true,"href":"https:\/\/ferplans.com\/index.php?rest_route=\/wp\/v2\/users\/1"}],"replies":[{"embeddable":true,"href":"https:\/\/ferplans.com\/index.php?rest_route=%2Fwp%2Fv2%2Fcomments&post=4051"}],"version-history":[{"count":20,"href":"https:\/\/ferplans.com\/index.php?rest_route=\/wp\/v2\/pages\/4051\/revisions"}],"predecessor-version":[{"id":4086,"href":"https:\/\/ferplans.com\/index.php?rest_route=\/wp\/v2\/pages\/4051\/revisions\/4086"}],"wp:attachment":[{"href":"https:\/\/ferplans.com\/index.php?rest_route=%2Fwp%2Fv2%2Fmedia&parent=4051"}],"curies":[{"name":"wp","href":"https:\/\/api.w.org\/{rel}","templated":true}]}}